{"id":2136,"date":"2022-04-10T16:26:56","date_gmt":"2022-04-10T16:26:56","guid":{"rendered":"https:\/\/noearmasconstrucciones.es\/?page_id=2136"},"modified":"2022-04-10T21:29:37","modified_gmt":"2022-04-10T21:29:37","slug":"reformas-de-cocinas-y-banos","status":"publish","type":"page","link":"https:\/\/noearmasconstrucciones.es\/?page_id=2136","title":{"rendered":"Reformas de cocinas y ba\u00f1os"},"content":{"rendered":"\t\t<div data-elementor-type=\"wp-page\" data-elementor-id=\"2136\" class=\"elementor elementor-2136\">\n\t\t\t\t\t\t\t\t\t<section class=\"elementor-section elementor-top-section elementor-element elementor-element-6820775 elementor-section-full_width elementor-section-height-min-height elementor-section-height-default elementor-section-items-middle\" data-id=\"6820775\" data-element_type=\"section\" data-settings=\"{&quot;background_background&quot;:&quot;classic&quot;}\">\n\t\t\t\t\t\t\t<div class=\"elementor-background-overlay\"><\/div>\n\t\t\t\t\t\t\t<div class=\"elementor-container elementor-column-gap-default\">\n\t\t\t\t\t<div class=\"elementor-column elementor-col-100 elementor-top-column elementor-element elementor-element-e3d8d8c\" data-id=\"e3d8d8c\" data-element_type=\"column\">\n\t\t\t<div class=\"elementor-widget-wrap elementor-element-populated\">\n\t\t\t\t\t\t\t\t<div class=\"elementor-element elementor-element-fbba58e elementor-widget elementor-widget-heading\" data-id=\"fbba58e\" data-element_type=\"widget\" data-widget_type=\"heading.default\">\n\t\t\t\t<div class=\"elementor-widget-container\">\n\t\t\t<style>\/*! elementor - v3.11.1 - 15-02-2023 *\/\n.elementor-heading-title{padding:0;margin:0;line-height:1}.elementor-widget-heading .elementor-heading-title[class*=elementor-size-]>a{color:inherit;font-size:inherit;line-height:inherit}.elementor-widget-heading .elementor-heading-title.elementor-size-small{font-size:15px}.elementor-widget-heading .elementor-heading-title.elementor-size-medium{font-size:19px}.elementor-widget-heading .elementor-heading-title.elementor-size-large{font-size:29px}.elementor-widget-heading .elementor-heading-title.elementor-size-xl{font-size:39px}.elementor-widget-heading .elementor-heading-title.elementor-size-xxl{font-size:59px}<\/style><h2 class=\"elementor-heading-title elementor-size-default\">Cocinas y ba\u00f1os <\/h2>\t\t<\/div>\n\t\t\t\t<\/div>\n\t\t\t\t\t<\/div>\n\t\t<\/div>\n\t\t\t\t\t\t\t<\/div>\n\t\t<\/section>\n\t\t\t\t<section class=\"elementor-section elementor-top-section elementor-element elementor-element-edcd057 elementor-section-boxed elementor-section-height-default elementor-section-height-default\" data-id=\"edcd057\" data-element_type=\"section\" data-settings=\"{&quot;background_background&quot;:&quot;classic&quot;}\">\n\t\t\t\t\t\t<div class=\"elementor-container elementor-column-gap-default\">\n\t\t\t\t\t<div class=\"elementor-column elementor-col-50 elementor-top-column elementor-element elementor-element-a791e1a\" data-id=\"a791e1a\" data-element_type=\"column\">\n\t\t\t<div class=\"elementor-widget-wrap elementor-element-populated\">\n\t\t\t\t\t\t\t\t<div class=\"elementor-element elementor-element-ba7ad31 elementor-widget elementor-widget-spacer\" data-id=\"ba7ad31\" data-element_type=\"widget\" data-widget_type=\"spacer.default\">\n\t\t\t\t<div class=\"elementor-widget-container\">\n\t\t\t<style>\/*! elementor - v3.11.1 - 15-02-2023 *\/\n.elementor-column .elementor-spacer-inner{height:var(--spacer-size)}.e-con{--container-widget-width:100%}.e-con-inner>.elementor-widget-spacer,.e-con>.elementor-widget-spacer{width:var(--container-widget-width,var(--spacer-size));--align-self:var(--container-widget-align-self,initial);--flex-shrink:0}.e-con-inner>.elementor-widget-spacer>.elementor-widget-container,.e-con-inner>.elementor-widget-spacer>.elementor-widget-container>.elementor-spacer,.e-con>.elementor-widget-spacer>.elementor-widget-container,.e-con>.elementor-widget-spacer>.elementor-widget-container>.elementor-spacer{height:100%}.e-con-inner>.elementor-widget-spacer>.elementor-widget-container>.elementor-spacer>.elementor-spacer-inner,.e-con>.elementor-widget-spacer>.elementor-widget-container>.elementor-spacer>.elementor-spacer-inner{height:var(--container-widget-height,var(--spacer-size))}<\/style>\t\t<div class=\"elementor-spacer\">\n\t\t\t<div class=\"elementor-spacer-inner\"><\/div>\n\t\t<\/div>\n\t\t\t\t<\/div>\n\t\t\t\t<\/div>\n\t\t\t\t<div class=\"elementor-element elementor-element-0bf905a elementor-widget elementor-widget-text-editor\" data-id=\"0bf905a\" data-element_type=\"widget\" data-widget_type=\"text-editor.default\">\n\t\t\t\t<div class=\"elementor-widget-container\">\n\t\t\t<style>\/*! elementor - v3.11.1 - 15-02-2023 *\/\n.elementor-widget-text-editor.elementor-drop-cap-view-stacked .elementor-drop-cap{background-color:#818a91;color:#fff}.elementor-widget-text-editor.elementor-drop-cap-view-framed .elementor-drop-cap{color:#818a91;border:3px solid;background-color:transparent}.elementor-widget-text-editor:not(.elementor-drop-cap-view-default) .elementor-drop-cap{margin-top:8px}.elementor-widget-text-editor:not(.elementor-drop-cap-view-default) .elementor-drop-cap-letter{width:1em;height:1em}.elementor-widget-text-editor .elementor-drop-cap{float:left;text-align:center;line-height:1;font-size:50px}.elementor-widget-text-editor .elementor-drop-cap-letter{display:inline-block}<\/style>\t\t\t\t<p>Realizamos todos tipos de servicios para su ba\u00f1o o cocina, ya sea crear el espacio desde cero o reformarlo completamente o parcialmente, nos adaptamos a sus necesidades.<\/p><p>Instalaciones de muebles, fontaner\u00eda, electricidad, alba\u00f1iler\u00eda&#8230; Todo lo que usted necesita al alcance de su mano. Puede conf\u00edar en Noe Armas Construcciones y Reformas para llevar su proyecto a cabo.<\/p><ul><li>Cocinas y ba\u00f1os de dise\u00f1o, modernas o de alta gama<\/li><li>Dise\u00f1os exclusivos adaptados a su presupuesto.<\/li><li>Nos encargamos absolutamente de todo el proceso, ya sea la reforma o la creaci\u00f3n del espacio hasta entregarle el proyecto<\/li><\/ul><p>Nuestro personal le asesorar\u00e1 en todo aquello que necesite para llevar a cabo su proyecto, tanto elementos constructivos como decorativos. Cont\u00e1mos con una amplia experiencia en el sector obtiendo resultados de calidad y con la m\u00e1xima satisfacci\u00f3n de nuestra clientela.<\/p>\t\t\t\t\t\t<\/div>\n\t\t\t\t<\/div>\n\t\t\t\t\t<\/div>\n\t\t<\/div>\n\t\t\t\t<div class=\"elementor-column elementor-col-50 elementor-top-column elementor-element elementor-element-63f4e2e\" data-id=\"63f4e2e\" data-element_type=\"column\">\n\t\t\t<div class=\"elementor-widget-wrap elementor-element-populated\">\n\t\t\t\t\t\t\t\t<div class=\"elementor-element elementor-element-345a90b elementor-widget elementor-widget-spacer\" data-id=\"345a90b\" data-element_type=\"widget\" data-widget_type=\"spacer.default\">\n\t\t\t\t<div class=\"elementor-widget-container\">\n\t\t\t\t\t<div class=\"elementor-spacer\">\n\t\t\t<div class=\"elementor-spacer-inner\"><\/div>\n\t\t<\/div>\n\t\t\t\t<\/div>\n\t\t\t\t<\/div>\n\t\t\t\t<div class=\"elementor-element elementor-element-201d8a0 elementor-widget elementor-widget-image\" data-id=\"201d8a0\" data-element_type=\"widget\" data-widget_type=\"image.default\">\n\t\t\t\t<div class=\"elementor-widget-container\">\n\t\t\t<style>\/*! elementor - v3.11.1 - 15-02-2023 *\/\n.elementor-widget-image{text-align:center}.elementor-widget-image a{display:inline-block}.elementor-widget-image a img[src$=\".svg\"]{width:48px}.elementor-widget-image img{vertical-align:middle;display:inline-block}<\/style>\t\t\t\t\t\t\t\t\t\t\t\t<img decoding=\"async\" width=\"1024\" height=\"1024\" src=\"https:\/\/noearmasconstrucciones.es\/wp-content\/uploads\/2022\/04\/261363541_609814543798264_4114911787298788367_n-1024x1024.jpg\" class=\"attachment-large size-large wp-image-2147\" alt=\"\" loading=\"lazy\" srcset=\"https:\/\/noearmasconstrucciones.es\/wp-content\/uploads\/2022\/04\/261363541_609814543798264_4114911787298788367_n-1024x1024.jpg 1024w, https:\/\/noearmasconstrucciones.es\/wp-content\/uploads\/2022\/04\/261363541_609814543798264_4114911787298788367_n-300x300.jpg 300w, https:\/\/noearmasconstrucciones.es\/wp-content\/uploads\/2022\/04\/261363541_609814543798264_4114911787298788367_n-150x150.jpg 150w, https:\/\/noearmasconstrucciones.es\/wp-content\/uploads\/2022\/04\/261363541_609814543798264_4114911787298788367_n-768x768.jpg 768w, https:\/\/noearmasconstrucciones.es\/wp-content\/uploads\/2022\/04\/261363541_609814543798264_4114911787298788367_n.jpg 1080w\" sizes=\"(max-width: 1024px) 100vw, 1024px\" \/>\t\t\t\t\t\t\t\t\t\t\t\t\t\t\t<\/div>\n\t\t\t\t<\/div>\n\t\t\t\t\t<\/div>\n\t\t<\/div>\n\t\t\t\t\t\t\t<\/div>\n\t\t<\/section>\n\t\t\t\t<section class=\"elementor-section elementor-top-section elementor-element elementor-element-9311ca4 elementor-section-boxed elementor-section-height-default elementor-section-height-default\" data-id=\"9311ca4\" data-element_type=\"section\" data-settings=\"{&quot;background_background&quot;:&quot;classic&quot;,&quot;shape_divider_bottom&quot;:&quot;mountains&quot;}\">\n\t\t\t\t\t<div class=\"elementor-shape elementor-shape-bottom\" data-negative=\"false\">\n\t\t\t<svg xmlns=\"http:\/\/www.w3.org\/2000\/svg\" viewBox=\"0 0 1000 100\" preserveAspectRatio=\"none\">\n\t<path class=\"elementor-shape-fill\" opacity=\"0.33\" d=\"M473,67.3c-203.9,88.3-263.1-34-320.3,0C66,119.1,0,59.7,0,59.7V0h1000v59.7 c0,0-62.1,26.1-94.9,29.3c-32.8,3.3-62.8-12.3-75.8-22.1C806,49.6,745.3,8.7,694.9,4.7S492.4,59,473,67.3z\"\/>\n\t<path class=\"elementor-shape-fill\" opacity=\"0.66\" d=\"M734,67.3c-45.5,0-77.2-23.2-129.1-39.1c-28.6-8.7-150.3-10.1-254,39.1 s-91.7-34.4-149.2,0C115.7,118.3,0,39.8,0,39.8V0h1000v36.5c0,0-28.2-18.5-92.1-18.5C810.2,18.1,775.7,67.3,734,67.3z\"\/>\n\t<path class=\"elementor-shape-fill\" d=\"M766.1,28.9c-200-57.5-266,65.5-395.1,19.5C242,1.8,242,5.4,184.8,20.6C128,35.8,132.3,44.9,89.9,52.5C28.6,63.7,0,0,0,0 h1000c0,0-9.9,40.9-83.6,48.1S829.6,47,766.1,28.9z\"\/>\n<\/svg>\t\t<\/div>\n\t\t\t\t\t<div class=\"elementor-container elementor-column-gap-default\">\n\t\t\t\t\t<div class=\"elementor-column elementor-col-100 elementor-top-column elementor-element elementor-element-7b37ba3\" data-id=\"7b37ba3\" data-element_type=\"column\">\n\t\t\t<div class=\"elementor-widget-wrap elementor-element-populated\">\n\t\t\t\t\t\t\t\t<div class=\"elementor-element elementor-element-c4d26fe elementor-widget elementor-widget-spacer\" data-id=\"c4d26fe\" data-element_type=\"widget\" data-widget_type=\"spacer.default\">\n\t\t\t\t<div class=\"elementor-widget-container\">\n\t\t\t\t\t<div class=\"elementor-spacer\">\n\t\t\t<div class=\"elementor-spacer-inner\"><\/div>\n\t\t<\/div>\n\t\t\t\t<\/div>\n\t\t\t\t<\/div>\n\t\t\t\t<div class=\"elementor-element elementor-element-20163e7 elementor-widget elementor-widget-heading\" data-id=\"20163e7\" data-element_type=\"widget\" data-widget_type=\"heading.default\">\n\t\t\t\t<div class=\"elementor-widget-container\">\n\t\t\t<h2 class=\"elementor-heading-title elementor-size-default\">Trabajos realizados<\/h2>\t\t<\/div>\n\t\t\t\t<\/div>\n\t\t\t\t<div class=\"elementor-element elementor-element-05f8de1 elementor-widget elementor-widget-eael-image-accordion\" data-id=\"05f8de1\" data-element_type=\"widget\" data-widget_type=\"eael-image-accordion.default\">\n\t\t\t\t<div class=\"elementor-widget-container\">\n\t\t\t    <div class=\"eael-img-accordion accordion-direction-horizontal eael-img-accordion-horizontal-align-center eael-img-accordion-vertical-align-center\" id=\"eael-img-accordion-05f8de1\" data-img-accordion-id=\"05f8de1\" data-img-accordion-type=\"on-hover\">\n                    \n            <a href=\"#\/\" class=\"eael-image-accordion-hover\" style=\"background-image: url(http:\/\/noearmasconstrucciones.es\/wp-content\/uploads\/2022\/02\/web1.jpg);\"  tabindex=\"0\">\n            <div class=\"overlay\">\n                <div class=\"overlay-inner\">\n                    <div class=\"overlay-inner \">\n                                            <\/div>\n                <\/div>\n            <\/div>\n            <\/a>\n                    \n            <a href=\"#\/\" class=\"eael-image-accordion-hover\" style=\"background-image: url(http:\/\/noearmasconstrucciones.es\/wp-content\/uploads\/2022\/04\/109909466_276736160439439_8706131236785818126_n.jpg);\"  tabindex=\"1\">\n            <div class=\"overlay\">\n                <div class=\"overlay-inner\">\n                    <div class=\"overlay-inner \">\n                                            <\/div>\n                <\/div>\n            <\/div>\n            <\/a>\n                    \n            <a href=\"#\/\" class=\"eael-image-accordion-hover\" style=\"background-image: url(http:\/\/noearmasconstrucciones.es\/wp-content\/uploads\/2022\/04\/109704074_276736207106101_8688888783359774412_n.jpg);\"  tabindex=\"2\">\n            <div class=\"overlay\">\n                <div class=\"overlay-inner\">\n                    <div class=\"overlay-inner \">\n                                            <\/div>\n                <\/div>\n            <\/div>\n            <\/a>\n                    \n            <a href=\"#\/\" class=\"eael-image-accordion-hover\" style=\"background-image: url(http:\/\/noearmasconstrucciones.es\/wp-content\/uploads\/2022\/04\/161871692_450684659711254_2921619662673819538_n.jpg);\"  tabindex=\"3\">\n            <div class=\"overlay\">\n                <div class=\"overlay-inner\">\n                    <div class=\"overlay-inner \">\n                                            <\/div>\n                <\/div>\n            <\/div>\n            <\/a>\n                <\/div>\n        <style typr=\"text\/css\">\n                    #eael-img-accordion-05f8de1 .eael-image-accordion-hover:hover {\n                        flex: 3 1 0% !important;\n                    }\n                    #eael-img-accordion-05f8de1 .eael-image-accordion-hover:hover:hover .overlay-inner * {\n                        opacity: 1;\n                        visibility: visible;\n                        transform: none;\n                        transition: all .3s .3s;\n                    }\n                <\/style>\t\t<\/div>\n\t\t\t\t<\/div>\n\t\t\t\t\t<\/div>\n\t\t<\/div>\n\t\t\t\t\t\t\t<\/div>\n\t\t<\/section>\n\t\t\t\t\t\t\t<\/div>\n\t\t","protected":false},"excerpt":{"rendered":"<p>Cocinas y ba\u00f1os Realizamos todos tipos de servicios para su ba\u00f1o o cocina, ya sea crear el espacio desde cero o reformarlo completamente o parcialmente, nos adaptamos a sus necesidades. Instalaciones de muebles, fontaner\u00eda, electricidad, alba\u00f1iler\u00eda&#8230; Todo lo que usted necesita al alcance de su mano. Puede conf\u00edar en Noe Armas Construcciones y Reformas para &hellip;<\/p>\n<p class=\"read-more\"> <a class=\"\" href=\"https:\/\/noearmasconstrucciones.es\/?page_id=2136\"> <span class=\"screen-reader-text\">Reformas de cocinas y ba\u00f1os<\/span> Leer m\u00e1s &raquo;<\/a><\/p>\n","protected":false},"author":1,"featured_media":0,"parent":0,"menu_order":0,"comment_status":"closed","ping_status":"closed","template":"","meta":{"site-sidebar-layout":"no-sidebar","site-content-layout":"page-builder","ast-main-header-display":"","ast-hfb-above-header-display":"","ast-hfb-below-header-display":"","ast-hfb-mobile-header-display":"","site-post-title":"disabled","ast-breadcrumbs-content":"","ast-featured-img":"disabled","footer-sml-layout":"","theme-transparent-header-meta":"","adv-header-id-meta":"","stick-header-meta":"","header-above-stick-meta":"","header-main-stick-meta":"","header-below-stick-meta":""},"yoast_head":"<!-- This site is optimized with the Yoast SEO plugin v20.1 - https:\/\/yoast.com\/wordpress\/plugins\/seo\/ -->\n<title>Reformas de cocinas y ba\u00f1os - Noe Armas Construcciones y Reformas<\/title>\n<meta name=\"robots\" content=\"index, follow, max-snippet:-1, max-image-preview:large, max-video-preview:-1\" \/>\n<link rel=\"canonical\" href=\"https:\/\/noearmasconstrucciones.es\/?page_id=2136\" \/>\n<meta property=\"og:locale\" content=\"es_ES\" \/>\n<meta property=\"og:type\" content=\"article\" \/>\n<meta property=\"og:title\" content=\"Reformas de cocinas y ba\u00f1os - Noe Armas Construcciones y Reformas\" \/>\n<meta property=\"og:description\" content=\"Cocinas y ba\u00f1os Realizamos todos tipos de servicios para su ba\u00f1o o cocina, ya sea crear el espacio desde cero o reformarlo completamente o parcialmente, nos adaptamos a sus necesidades. Instalaciones de muebles, fontaner\u00eda, electricidad, alba\u00f1iler\u00eda&#8230; Todo lo que usted necesita al alcance de su mano. Puede conf\u00edar en Noe Armas Construcciones y Reformas para &hellip; Reformas de cocinas y ba\u00f1os Leer m\u00e1s &raquo;\" \/>\n<meta property=\"og:url\" content=\"https:\/\/noearmasconstrucciones.es\/?page_id=2136\" \/>\n<meta property=\"og:site_name\" content=\"Noe Armas Construcciones y Reformas\" \/>\n<meta property=\"article:modified_time\" content=\"2022-04-10T21:29:37+00:00\" \/>\n<meta property=\"og:image\" content=\"http:\/\/noearmasconstrucciones.es\/wp-content\/uploads\/2022\/04\/261363541_609814543798264_4114911787298788367_n-1024x1024.jpg\" \/>\n<meta name=\"twitter:card\" content=\"summary_large_image\" \/>\n<meta name=\"twitter:label1\" content=\"Tiempo de lectura\" \/>\n\t<meta name=\"twitter:data1\" content=\"1 minuto\" \/>\n<script type=\"application\/ld+json\" class=\"yoast-schema-graph\">{\"@context\":\"https:\/\/schema.org\",\"@graph\":[{\"@type\":\"WebPage\",\"@id\":\"https:\/\/noearmasconstrucciones.es\/?page_id=2136\",\"url\":\"https:\/\/noearmasconstrucciones.es\/?page_id=2136\",\"name\":\"Reformas de cocinas y ba\u00f1os - Noe Armas Construcciones y Reformas\",\"isPartOf\":{\"@id\":\"http:\/\/noearmasconstrucciones.es\/#website\"},\"datePublished\":\"2022-04-10T16:26:56+00:00\",\"dateModified\":\"2022-04-10T21:29:37+00:00\",\"breadcrumb\":{\"@id\":\"https:\/\/noearmasconstrucciones.es\/?page_id=2136#breadcrumb\"},\"inLanguage\":\"es\",\"potentialAction\":[{\"@type\":\"ReadAction\",\"target\":[\"https:\/\/noearmasconstrucciones.es\/?page_id=2136\"]}]},{\"@type\":\"BreadcrumbList\",\"@id\":\"https:\/\/noearmasconstrucciones.es\/?page_id=2136#breadcrumb\",\"itemListElement\":[{\"@type\":\"ListItem\",\"position\":1,\"name\":\"Portada\",\"item\":\"http:\/\/noearmasconstrucciones.es\/\"},{\"@type\":\"ListItem\",\"position\":2,\"name\":\"Reformas de cocinas y ba\u00f1os\"}]},{\"@type\":\"WebSite\",\"@id\":\"http:\/\/noearmasconstrucciones.es\/#website\",\"url\":\"http:\/\/noearmasconstrucciones.es\/\",\"name\":\"Noe Armas Construcciones y Reformas\",\"description\":\"Su idea al alcance de su mano\",\"publisher\":{\"@id\":\"http:\/\/noearmasconstrucciones.es\/#organization\"},\"potentialAction\":[{\"@type\":\"SearchAction\",\"target\":{\"@type\":\"EntryPoint\",\"urlTemplate\":\"http:\/\/noearmasconstrucciones.es\/?s={search_term_string}\"},\"query-input\":\"required name=search_term_string\"}],\"inLanguage\":\"es\"},{\"@type\":\"Organization\",\"@id\":\"http:\/\/noearmasconstrucciones.es\/#organization\",\"name\":\"Noe Armas Construcciones y Reformas\",\"url\":\"http:\/\/noearmasconstrucciones.es\/\",\"logo\":{\"@type\":\"ImageObject\",\"inLanguage\":\"es\",\"@id\":\"http:\/\/noearmasconstrucciones.es\/#\/schema\/logo\/image\/\",\"url\":\"https:\/\/noearmasconstrucciones.es\/wp-content\/uploads\/2022\/02\/cropped-cropped-logo-circ-1.png\",\"contentUrl\":\"https:\/\/noearmasconstrucciones.es\/wp-content\/uploads\/2022\/02\/cropped-cropped-logo-circ-1.png\",\"width\":1013,\"height\":1013,\"caption\":\"Noe Armas Construcciones y Reformas\"},\"image\":{\"@id\":\"http:\/\/noearmasconstrucciones.es\/#\/schema\/logo\/image\/\"}}]}<\/script>\n<!-- \/ Yoast SEO plugin. -->","yoast_head_json":{"title":"Reformas de cocinas y ba\u00f1os - Noe Armas Construcciones y Reformas","robots":{"index":"index","follow":"follow","max-snippet":"max-snippet:-1","max-image-preview":"max-image-preview:large","max-video-preview":"max-video-preview:-1"},"canonical":"https:\/\/noearmasconstrucciones.es\/?page_id=2136","og_locale":"es_ES","og_type":"article","og_title":"Reformas de cocinas y ba\u00f1os - Noe Armas Construcciones y Reformas","og_description":"Cocinas y ba\u00f1os Realizamos todos tipos de servicios para su ba\u00f1o o cocina, ya sea crear el espacio desde cero o reformarlo completamente o parcialmente, nos adaptamos a sus necesidades. Instalaciones de muebles, fontaner\u00eda, electricidad, alba\u00f1iler\u00eda&#8230; Todo lo que usted necesita al alcance de su mano. Puede conf\u00edar en Noe Armas Construcciones y Reformas para &hellip; Reformas de cocinas y ba\u00f1os Leer m\u00e1s &raquo;","og_url":"https:\/\/noearmasconstrucciones.es\/?page_id=2136","og_site_name":"Noe Armas Construcciones y Reformas","article_modified_time":"2022-04-10T21:29:37+00:00","og_image":[{"url":"http:\/\/noearmasconstrucciones.es\/wp-content\/uploads\/2022\/04\/261363541_609814543798264_4114911787298788367_n-1024x1024.jpg"}],"twitter_card":"summary_large_image","twitter_misc":{"Tiempo de lectura":"1 minuto"},"schema":{"@context":"https:\/\/schema.org","@graph":[{"@type":"WebPage","@id":"https:\/\/noearmasconstrucciones.es\/?page_id=2136","url":"https:\/\/noearmasconstrucciones.es\/?page_id=2136","name":"Reformas de cocinas y ba\u00f1os - Noe Armas Construcciones y Reformas","isPartOf":{"@id":"http:\/\/noearmasconstrucciones.es\/#website"},"datePublished":"2022-04-10T16:26:56+00:00","dateModified":"2022-04-10T21:29:37+00:00","breadcrumb":{"@id":"https:\/\/noearmasconstrucciones.es\/?page_id=2136#breadcrumb"},"inLanguage":"es","potentialAction":[{"@type":"ReadAction","target":["https:\/\/noearmasconstrucciones.es\/?page_id=2136"]}]},{"@type":"BreadcrumbList","@id":"https:\/\/noearmasconstrucciones.es\/?page_id=2136#breadcrumb","itemListElement":[{"@type":"ListItem","position":1,"name":"Portada","item":"http:\/\/noearmasconstrucciones.es\/"},{"@type":"ListItem","position":2,"name":"Reformas de cocinas y ba\u00f1os"}]},{"@type":"WebSite","@id":"http:\/\/noearmasconstrucciones.es\/#website","url":"http:\/\/noearmasconstrucciones.es\/","name":"Noe Armas Construcciones y Reformas","description":"Su idea al alcance de su mano","publisher":{"@id":"http:\/\/noearmasconstrucciones.es\/#organization"},"potentialAction":[{"@type":"SearchAction","target":{"@type":"EntryPoint","urlTemplate":"http:\/\/noearmasconstrucciones.es\/?s={search_term_string}"},"query-input":"required name=search_term_string"}],"inLanguage":"es"},{"@type":"Organization","@id":"http:\/\/noearmasconstrucciones.es\/#organization","name":"Noe Armas Construcciones y Reformas","url":"http:\/\/noearmasconstrucciones.es\/","logo":{"@type":"ImageObject","inLanguage":"es","@id":"http:\/\/noearmasconstrucciones.es\/#\/schema\/logo\/image\/","url":"https:\/\/noearmasconstrucciones.es\/wp-content\/uploads\/2022\/02\/cropped-cropped-logo-circ-1.png","contentUrl":"https:\/\/noearmasconstrucciones.es\/wp-content\/uploads\/2022\/02\/cropped-cropped-logo-circ-1.png","width":1013,"height":1013,"caption":"Noe Armas Construcciones y Reformas"},"image":{"@id":"http:\/\/noearmasconstrucciones.es\/#\/schema\/logo\/image\/"}}]}},"_links":{"self":[{"href":"https:\/\/noearmasconstrucciones.es\/index.php?rest_route=\/wp\/v2\/pages\/2136"}],"collection":[{"href":"https:\/\/noearmasconstrucciones.es\/index.php?rest_route=\/wp\/v2\/pages"}],"about":[{"href":"https:\/\/noearmasconstrucciones.es\/index.php?rest_route=\/wp\/v2\/types\/page"}],"author":[{"embeddable":true,"href":"https:\/\/noearmasconstrucciones.es\/index.php?rest_route=\/wp\/v2\/users\/1"}],"replies":[{"embeddable":true,"href":"https:\/\/noearmasconstrucciones.es\/index.php?rest_route=%2Fwp%2Fv2%2Fcomments&post=2136"}],"version-history":[{"count":64,"href":"https:\/\/noearmasconstrucciones.es\/index.php?rest_route=\/wp\/v2\/pages\/2136\/revisions"}],"predecessor-version":[{"id":2249,"href":"https:\/\/noearmasconstrucciones.es\/index.php?rest_route=\/wp\/v2\/pages\/2136\/revisions\/2249"}],"wp:attachment":[{"href":"https:\/\/noearmasconstrucciones.es\/index.php?rest_route=%2Fwp%2Fv2%2Fmedia&parent=2136"}],"curies":[{"name":"wp","href":"https:\/\/api.w.org\/{rel}","templated":true}]}}